{"id":13,"date":"2016-01-04T01:16:04","date_gmt":"2016-01-04T04:16:04","guid":{"rendered":"http:\/\/localhost\/cultbrazil\/?page_id=13"},"modified":"2017-02-04T13:23:40","modified_gmt":"2017-02-04T13:23:40","slug":"intercambio","status":"publish","type":"page","link":"https:\/\/cultbrazil.com.br\/en\/intercambio\/","title":{"rendered":"Exchange Programs"},"content":{"rendered":"<p><\/p>\n<p style=\"text-align: justify;\"><iframe loading=\"lazy\" src=\"https:\/\/www.youtube.com\/embed\/S15KYhvzMp8\" width=\"1111\" height=\"1111\" frameborder=\"0\" allowfullscreen=\"allowfullscreen\"><\/iframe><\/p>\n<h4 style=\"text-align: justify;\">A Cult Brazil tem uma extensa rede de escolas localizadas nos principais destinos ao redor do mundo. Voc\u00ea pode aprender uma nova l\u00edngua estrangeira em uma de nossas diversas institui\u00e7\u00f5es parceiras, presentes nos cinco continentes.<\/h4>\n<h4 style=\"text-align: justify;\">Ao longo dos anos, temos trabalhado para que nossos clientes de todo o Brasil possam realizar um interc\u00e2mbio de qualidade nas melhores institui\u00e7\u00f5es de todo o do mundo. Nossa meta \u00e9 contribuir para que voc\u00ea possa conquistar realizar essa experi\u00eancia com sucesso total!<\/h4>\n<h4 style=\"text-align: justify;\">Aumente seu leque de idiomas e enrique\u00e7a sua bagagem cultural para fazer diferen\u00e7a na sua vida e no mercado de trabalho. Deixe a Cult Brazil Interc\u00e2mbio te levar mais longe!<\/h4>\n<p><\/p>","protected":false},"excerpt":{"rendered":"<p>A Cult Brazil tem uma extensa rede de escolas localizadas nos principais destinos ao redor do mundo. Voc\u00ea pode aprender uma nova l\u00edngua estrangeira em uma de nossas diversas institui\u00e7\u00f5es parceiras, presentes nos cinco continentes. Ao longo dos anos, temos &hellip;<\/p>\n","protected":false},"author":1,"featured_media":94,"parent":0,"menu_order":0,"comment_status":"closed","ping_status":"closed","template":"page-intercambio.php","meta":{"_acf_changed":false,"footnotes":""},"class_list":["post-13","page","type-page","status-publish","has-post-thumbnail","hentry"],"acf":[],"_links":{"self":[{"href":"https:\/\/cultbrazil.com.br\/en\/wp-json\/wp\/v2\/pages\/13","targetHints":{"allow":["GET"]}}],"collection":[{"href":"https:\/\/cultbrazil.com.br\/en\/wp-json\/wp\/v2\/pages"}],"about":[{"href":"https:\/\/cultbrazil.com.br\/en\/wp-json\/wp\/v2\/types\/page"}],"author":[{"embeddable":true,"href":"https:\/\/cultbrazil.com.br\/en\/wp-json\/wp\/v2\/users\/1"}],"replies":[{"embeddable":true,"href":"https:\/\/cultbrazil.com.br\/en\/wp-json\/wp\/v2\/comments?post=13"}],"version-history":[{"count":1,"href":"https:\/\/cultbrazil.com.br\/en\/wp-json\/wp\/v2\/pages\/13\/revisions"}],"predecessor-version":[{"id":983,"href":"https:\/\/cultbrazil.com.br\/en\/wp-json\/wp\/v2\/pages\/13\/revisions\/983"}],"wp:featuredmedia":[{"embeddable":true,"href":"https:\/\/cultbrazil.com.br\/en\/wp-json\/wp\/v2\/media\/94"}],"wp:attachment":[{"href":"https:\/\/cultbrazil.com.br\/en\/wp-json\/wp\/v2\/media?parent=13"}],"curies":[{"name":"wp","href":"https:\/\/api.w.org\/{rel}","templated":true}]}}