{"id":10,"date":"2016-01-04T01:13:42","date_gmt":"2016-01-04T04:13:42","guid":{"rendered":"http:\/\/localhost\/cultbrazil\/?page_id=10"},"modified":"2017-05-24T14:05:49","modified_gmt":"2017-05-24T14:05:49","slug":"passagens-aereas","status":"publish","type":"page","link":"https:\/\/cultbrazil.com.br\/en\/passagens-aereas\/","title":{"rendered":"Airline Tickets"},"content":{"rendered":"<p><\/p>\n<p style=\"text-align: justify;\">Aqui voc\u00ea encontrar\u00e1 passagens para destinos nacionais e internacionais pelas melhores linhas a\u00e9reas do mundo, que voam para os cinco continentes. Se voc\u00ea procura seguran\u00e7a, conforto e qualidade, confira a nossa ampla rede de companhias a\u00e9reas parceiras que operam voos dom\u00e9sticos ou para o exterior.<br \/>\nSua comodidade ser\u00e1 total, voc\u00ea pode comprar passagens a\u00e9reas sem sair de casa, seja pelo computador, tablet ou telefone. Fazer uma reserva em nosso site \u00e9 muito f\u00e1cil: escolha a guia passagens, coloque o destino que deseja visitar em nossa caixa de buscas, escolha a data de ida e volta da viagem e confira todas as disponibilidades de hor\u00e1rios e caso tenha qualquer d\u00favida, n\u00e3o hesite em entrar em contato conosco.<br \/>\nReserve agora a sua passagem a\u00e9rea para conhecer o destino dos sonhos!<\/p>\n<p><\/p>","protected":false},"excerpt":{"rendered":"<p>Aqui voc\u00ea encontrar\u00e1 passagens para destinos nacionais e internacionais pelas melhores linhas a\u00e9reas do mundo, que voam para os cinco continentes. Se voc\u00ea procura seguran\u00e7a, conforto e qualidade, confira a nossa ampla rede de companhias a\u00e9reas parceiras que operam voos &hellip;<\/p>\n","protected":false},"author":1,"featured_media":0,"parent":0,"menu_order":0,"comment_status":"closed","ping_status":"closed","template":"page-passagens.php","meta":{"_acf_changed":false,"footnotes":""},"class_list":["post-10","page","type-page","status-publish","hentry"],"acf":[],"_links":{"self":[{"href":"https:\/\/cultbrazil.com.br\/en\/wp-json\/wp\/v2\/pages\/10","targetHints":{"allow":["GET"]}}],"collection":[{"href":"https:\/\/cultbrazil.com.br\/en\/wp-json\/wp\/v2\/pages"}],"about":[{"href":"https:\/\/cultbrazil.com.br\/en\/wp-json\/wp\/v2\/types\/page"}],"author":[{"embeddable":true,"href":"https:\/\/cultbrazil.com.br\/en\/wp-json\/wp\/v2\/users\/1"}],"replies":[{"embeddable":true,"href":"https:\/\/cultbrazil.com.br\/en\/wp-json\/wp\/v2\/comments?post=10"}],"version-history":[{"count":3,"href":"https:\/\/cultbrazil.com.br\/en\/wp-json\/wp\/v2\/pages\/10\/revisions"}],"predecessor-version":[{"id":1236,"href":"https:\/\/cultbrazil.com.br\/en\/wp-json\/wp\/v2\/pages\/10\/revisions\/1236"}],"wp:attachment":[{"href":"https:\/\/cultbrazil.com.br\/en\/wp-json\/wp\/v2\/media?parent=10"}],"curies":[{"name":"wp","href":"https:\/\/api.w.org\/{rel}","templated":true}]}}